{"id":83,"date":"2010-03-26T19:40:33","date_gmt":"2010-03-26T19:40:33","guid":{"rendered":"http:\/\/donn.se\/mpe\/?page_id=83"},"modified":"2018-08-22T10:28:38","modified_gmt":"2018-08-22T08:28:38","slug":"presentation","status":"publish","type":"page","link":"http:\/\/johanssonmpe.se\/?page_id=83","title":{"rendered":"Presentation"},"content":{"rendered":"<p><a href=\"http:\/\/johanssonmpe.se\/wp-content\/uploads\/2010\/03\/United-Kingdom-flag-icon.png\"><img loading=\"lazy\" decoding=\"async\" class=\"alignleft wp-image-1990\" src=\"http:\/\/johanssonmpe.se\/wp-content\/uploads\/2010\/03\/United-Kingdom-flag-icon-200x200.png\" alt=\"united-kingdom-flag-icon\" width=\"30\" height=\"30\" srcset=\"http:\/\/johanssonmpe.se\/wp-content\/uploads\/2010\/03\/United-Kingdom-flag-icon-200x200.png 200w, http:\/\/johanssonmpe.se\/wp-content\/uploads\/2010\/03\/United-Kingdom-flag-icon-150x150.png 150w, http:\/\/johanssonmpe.se\/wp-content\/uploads\/2010\/03\/United-Kingdom-flag-icon.png 256w\" sizes=\"auto, (max-width: 30px) 100vw, 30px\" \/><\/a><\/p>\n<p>&nbsp;<\/p>\n<p>&nbsp;<\/p>\n<p>We are one of the leading teams in the Off-Road racing. We are today the Official Yamaha Off-Road racing and promotion partner, racing the Swedish and World Championship series with high and long term goals.<\/p>\n<p><img loading=\"lazy\" decoding=\"async\" class=\"alignright wp-image-1980\" src=\"http:\/\/johanssonmpe.se\/wp-content\/uploads\/2010\/03\/jj15-620x430.jpg\" alt=\"jj15\" width=\"350\" height=\"243\" \/><\/p>\n<p>The team is today owned and managed by Joakim Johansson, but has been built to this level together by Joakim and his younger brother Bjorn during 20 years. The racing base is located at Forssa Business Park in Bollebygd, Sweden. In the teams premises we have a new-build workshop, car wash and garage for the teams transport trucks. In the team\u2019s area, there is also a test track with varying ground. This track is used a lots during the development and a lots of testing with the teams race bikes.<\/p>\n<p>&nbsp;<\/p>\n<p>Both Bjorn and Joakim Johansson has since their racing debuts in the early 80\u00b4s gather big successes, booth National and International. Together they<\/p>\n<p>have earned 7 World Championship wins, Swedish National Championship and also World Championship medals. They have had some of the sports longest careers, and has been at the International podiums during the 1980\u00b4s, 1990\u00b4s and the 2000\u00b4s. From their experiences from racing at a high level during a very long time, they have learned what it takes<\/p>\n<p>to run and manage a long-term and professional commitment.<\/p>\n<p>&nbsp;<\/p>\n<hr \/>\n<p>&nbsp;<\/p>\n<p><em><a href=\"http:\/\/johanssonmpe.se\/wp-content\/uploads\/2010\/03\/Sweden-Flag-icon.png\"><img loading=\"lazy\" decoding=\"async\" class=\"alignleft wp-image-1993\" src=\"http:\/\/johanssonmpe.se\/wp-content\/uploads\/2010\/03\/Sweden-Flag-icon-200x200.png\" alt=\"sweden-flag-icon\" width=\"30\" height=\"30\" srcset=\"http:\/\/johanssonmpe.se\/wp-content\/uploads\/2010\/03\/Sweden-Flag-icon-200x200.png 200w, http:\/\/johanssonmpe.se\/wp-content\/uploads\/2010\/03\/Sweden-Flag-icon-150x150.png 150w, http:\/\/johanssonmpe.se\/wp-content\/uploads\/2010\/03\/Sweden-Flag-icon.png 256w\" sizes=\"auto, (max-width: 30px) 100vw, 30px\" \/><\/a><br \/>\n<\/em><\/p>\n<p>&nbsp;<\/p>\n<p><em>\u201dEfter VM-segrar och SM-titlar forts\u00e4tter\u00a0Teamets resa mot nya obrutna h\u00f6jder\u201d<\/em><\/p>\n<p>Vi \u00e4r ett av Europas ledande racingteam inom Enduro\/Motocross, och har genom l\u00e5ngvarigt, h\u00e5rt och m\u00e5lmedvetet arbete utvecklats till att idag vara Yamaha Europas Officiella VM-team.<\/p>\n<p>Teamet \u00e4gs och drivs av och Joakim Johansson. Racingbasen \u00e4r uppbyggd runt Forssa f\u00f6retagscenter i Bollebygd, och teamet f\u00f6rfogar d\u00e4r \u00f6ver verkstadslokaler f\u00f6r utveckling och underh\u00e5ll av t\u00e4vlingsmaskinerna. H\u00e4r finns \u00e4ven tv\u00e4tthall och garage f\u00f6r teamets transport och servicefordon samt gym och \u00f6vernattningsm\u00f6jligheter. I anslutning till Verkstadslokalerna finns en varierande testbana uppbyggd, som \u00e4ven anv\u00e4nds vid events med teamets samarbetspartners. D\u00e4r finns \u00e4ven kr\u00e4ftfiskevatten, och o\u00e4ndliga m\u00f6jligheter till trevliga events d\u00e4r bara fantasin s\u00e4tter gr\u00e4nserna\u2026 <a href=\"http:\/\/johanssonmpe.se\/wp-content\/uploads\/2010\/03\/DSC_2519-edit.jpg\"><img loading=\"lazy\" decoding=\"async\" class=\"alignright wp-image-1985\" src=\"http:\/\/johanssonmpe.se\/wp-content\/uploads\/2010\/03\/DSC_2519-edit-200x127.jpg\" alt=\"dsc_2519-edit\" width=\"400\" height=\"255\" srcset=\"http:\/\/johanssonmpe.se\/wp-content\/uploads\/2010\/03\/DSC_2519-edit-200x127.jpg 200w, http:\/\/johanssonmpe.se\/wp-content\/uploads\/2010\/03\/DSC_2519-edit-620x394.jpg 620w, http:\/\/johanssonmpe.se\/wp-content\/uploads\/2010\/03\/DSC_2519-edit-768x489.jpg 768w, http:\/\/johanssonmpe.se\/wp-content\/uploads\/2010\/03\/DSC_2519-edit-150x95.jpg 150w, http:\/\/johanssonmpe.se\/wp-content\/uploads\/2010\/03\/DSC_2519-edit.jpg 800w\" sizes=\"auto, (max-width: 400px) 100vw, 400px\" \/><\/a><\/p>\n<p>Joakim har sedan sin t\u00e4vlingsdebut under b\u00f6rjan av 1980:talet sk\u00f6rdat stora t\u00e4vlingsm\u00e4ssiga framg\u00e5ngar b\u00e5de Nationellt och Internationellt. Egna VM-segrar, SM och VM medaljer, samt andra stora framg\u00e5ngar under 1980, 1990 och 2000-talet vittnar \u00e4ven om en av historiens idrottsligt l\u00e4ngsta karri\u00e4rer.<\/p>\n<p>Av sina erfarenheter fr\u00e5n racing p\u00e5 h\u00f6g niv\u00e5, finns stora kunskaper om vad som kr\u00e4vs f\u00f6r att driva en l\u00e5ngsiktig och professionell racingsatsning.<\/p>\n<p>Teamet har alltid haft ett stort focus p\u00e5 att vara ett branchledande och trends\u00e4ttande Team, inte bara sportsligt, utan \u00e4ven marknadsf\u00f6rningsm\u00e4ssigt. V\u00e5r k\u00e4rnverksamhet \u00e4r idag t\u00e4vlingsverksamheten i Endurons SM och VM-serier. Historiskt sett har v\u00e5r k\u00e4rnverksamhet varit p\u00e5 VM-niv\u00e5 med podiumplaceringar sedan b\u00f6rjan av 1990, men vi har samtidigt \u00e4ven varit verksamma inom SM-Motocross och Supercross.<\/p>\n<p>Vi arbetar tight ihop med v\u00e5ra samarbetspartners, och \u00e4ven h\u00e4r \u00e4r l\u00e5ngsiktighet ett viktigt ledord.<\/p>\n<p>F\u00f6rarbes\u00e4ttningen har alltid varit stark, och med ett ytterst noggrant testprogram f\u00f6rfogar vi \u00f6ver det absolut b\u00e4sta maskinmaterialet. Detta \u00e4r grunden till framg\u00e5ng, och framg\u00e5ng f\u00f6der framg\u00e5ng, b\u00e5de t\u00e4vlingsm\u00e4ssigt och f\u00f6retagsm\u00e4ssigt.<\/p>\n<p>Teamets ambitioner inf\u00f6r s\u00e4songen 2017, \u00e4r naturligtvis att vinna m\u00e4sterskap, och att fortsatt marknadsf\u00f6ra teamets partners p\u00e5 ett positivt s\u00e4tt, samtidigt som vi forts\u00e4tter utveckla teamet genom ett h\u00e5rt och m\u00e5lmedvetet arbete.<\/p>\n<p>&nbsp;<\/p>\n<p>&nbsp;<\/p>\n","protected":false},"excerpt":{"rendered":"<p>&nbsp; &nbsp; We are one of the leading teams in the Off-Road racing. We are today the Official Yamaha Off-Road racing and promotion partner, racing the Swedish and World Championship series with high and long term goals. The team is today owned and managed by Joakim Johansson, but has been built to this level together [&hellip;]<\/p>\n","protected":false},"author":1,"featured_media":0,"parent":40,"menu_order":1,"comment_status":"closed","ping_status":"closed","template":"","meta":{"footnotes":""},"class_list":["post-83","page","type-page","status-publish","hentry"],"_links":{"self":[{"href":"http:\/\/johanssonmpe.se\/index.php?rest_route=\/wp\/v2\/pages\/83","targetHints":{"allow":["GET"]}}],"collection":[{"href":"http:\/\/johanssonmpe.se\/index.php?rest_route=\/wp\/v2\/pages"}],"about":[{"href":"http:\/\/johanssonmpe.se\/index.php?rest_route=\/wp\/v2\/types\/page"}],"author":[{"embeddable":true,"href":"http:\/\/johanssonmpe.se\/index.php?rest_route=\/wp\/v2\/users\/1"}],"replies":[{"embeddable":true,"href":"http:\/\/johanssonmpe.se\/index.php?rest_route=%2Fwp%2Fv2%2Fcomments&post=83"}],"version-history":[{"count":14,"href":"http:\/\/johanssonmpe.se\/index.php?rest_route=\/wp\/v2\/pages\/83\/revisions"}],"predecessor-version":[{"id":1995,"href":"http:\/\/johanssonmpe.se\/index.php?rest_route=\/wp\/v2\/pages\/83\/revisions\/1995"}],"up":[{"embeddable":true,"href":"http:\/\/johanssonmpe.se\/index.php?rest_route=\/wp\/v2\/pages\/40"}],"wp:attachment":[{"href":"http:\/\/johanssonmpe.se\/index.php?rest_route=%2Fwp%2Fv2%2Fmedia&parent=83"}],"curies":[{"name":"wp","href":"https:\/\/api.w.org\/{rel}","templated":true}]}}